{"id":5142,"date":"2025-10-24T17:58:25","date_gmt":"2025-10-24T17:58:25","guid":{"rendered":"https:\/\/villa.hostiw2.com\/wp\/?page_id=5142"},"modified":"2025-10-27T15:01:25","modified_gmt":"2025-10-27T15:01:25","slug":"terminos-y-condiciones","status":"publish","type":"page","link":"https:\/\/villa.hostiw2.com\/wp\/terminos-y-condiciones\/","title":{"rendered":"T\u00e9rminos y condiciones"},"content":{"rendered":"\n<div class=\"gb-element-ae6a9b4b\">\n<div>\n<p class=\"gb-text gb-text-7f7d0392\">POL\u00cdTICA DE T\u00c9RMINOS Y CONDICIONES<\/p>\n<\/div>\n\n\n\n<div class=\"gb-element-ea9dfc65\">\n<p class=\"gb-text gb-text-93210b64\">1. <strong><strong>Condiciones de uso<\/strong><\/strong><\/p>\n\n\n\n<p class=\"gb-text gb-text-24c0ce8e\">Al ingresar y utilizar este portal de Internet, cuyo nombre de dominio es <strong>Villadecanto.com<\/strong> propiedad de Villa de Canto, el usuario est\u00e1 aceptando los T\u00e9rminos y condiciones de uso contenidos en este convenio y declara expresamente su aceptaci\u00f3n utilizando para tal efecto medios electr\u00f3nicos, en t\u00e9rminos de lo dispuesto por el art\u00edculo 1803 del C\u00f3digo Civil Federal.<br><br>En caso de no aceptar en forma absoluta y completa los t\u00e9rminos y condiciones de este convenio, el usuario deber\u00e1 abstenerse de acceder, utilizar y observar el sitio web <strong>Villadecanto.com<\/strong><br><br>Y en caso de que el usuario acceda, utilice y observe el sitio web <strong>Villadecanto.com<\/strong> se considerar\u00e1 como una absoluta y expresa aceptaci\u00f3n de los T\u00e9rminos y condiciones de uso aqu\u00ed estipulados.<br><br>La sola utilizaci\u00f3n de dicha p\u00e1gina de Internet le otorga al p\u00fablico en general la condici\u00f3n de usuario (en adelante referido como el \u00abusuario\u00bb o los \u00abusuarios\u00bb) e implica la aceptaci\u00f3n, plena e incondicional, de todas y cada una de las condiciones generales y particulares incluidas en estos T\u00e9rminos y condiciones de uso publicados por <em>\u201c<\/em>Villa de Canto<em>\u201d<\/em> en el momento mismo en que el usuario acceda al sitio web.<br><br>Cualquier modificaci\u00f3n a los presentes T\u00e9rminos y condiciones de uso ser\u00e1 realizada cuando el titular de la misma, en este caso Villa de Canto, lo considere apropiado, siendo exclusiva responsabilidad del usuario asegurarse de tomar conocimiento de tales modificaciones. En caso de que usted no acepte los nuevos T\u00e9rminos usted no debe continuar utilizando el Sitio Web. En caso de que usted contin\u00fae utilizando el Sitio Web despu\u00e9s de la fecha en que la modificaci\u00f3n entre en vigor, su utilizaci\u00f3n del Sitio Web indicar\u00e1 su acuerdo a quedar vinculado por los nuevos T\u00e9rminos.<\/p>\n<\/div>\n\n\n\n<div class=\"gb-element-c0965817\">\n<p class=\"gb-text gb-text-579cafde\">2. <strong><strong>Registro<\/strong><\/strong><\/p>\n\n\n\n<p class=\"gb-text gb-text-0462e1e0\">Usted garantiza que:<\/p>\n\n\n\n<ul style=\"color:#3b3123;font-size:1.13rem\" class=\"wp-block-list has-text-color has-link-color wp-elements-49bee9c9b7ae9cf6c43c2ab023ed23e6\">\n<li>La informaci\u00f3n personal que se le solicita cuando se registre es verdadera, exacta, actual y completa en todos sus aspectos; y usted no est\u00e1 suplantando a ninguna otra persona o entidad.<\/li>\n\n\n\n<li>Los productos adquiridos en esta p\u00e1gina web son para uso privado y dom\u00e9stico exclusivamente y nunca para su reventa.<\/li>\n<\/ul>\n<\/div>\n\n\n\n<div class=\"gb-element-4737b93c\">\n<p class=\"gb-text gb-text-aaa4b6d1\">3. <strong><strong><strong><strong>Modificaciones al convenio<\/strong><\/strong><\/strong><\/strong><\/p>\n\n\n\n<p class=\"gb-text gb-text-53a4238a\">Villa de Canto se reserva el derecho de modificar los T\u00e9rminos y condiciones de uso de este convenio en cualquier momento, siendo efectivas dichas modificaciones de forma inmediata por medio de:<\/p>\n\n\n\n<ul style=\"color:#3b3123;font-size:1.13rem\" class=\"wp-block-list has-text-color has-link-color wp-elements-293b51fc80142029518de5d78d33874a\">\n<li>a) La publicaci\u00f3n en el sitio web <strong>Villadecanto.com<\/strong> del convenio modificado.<\/li>\n\n\n\n<li>b) La notificaci\u00f3n al usuario sobre dichas modificaciones.<\/li>\n<\/ul>\n\n\n\n<p class=\"gb-text gb-text-aaa72c34\">De esta forma, el usuario est\u00e1 de acuerdo en revisar dicho convenio peri\u00f3dicamente con la finalidad de mantenerse al tanto de dichas modificaciones. No obstante lo anterior, cada vez que el usuario acceda al sitio se\u00f1alado se considerar\u00e1 como una aceptaci\u00f3n absoluta a las modificaciones del presente convenio.<\/p>\n<\/div>\n\n\n\n<div class=\"gb-element-2664d123\">\n<p class=\"gb-text gb-text-69e18fa9\">4. <strong><strong><strong><strong>Terminaci\u00f3n<\/strong><\/strong><\/strong><\/strong><\/p>\n\n\n\n<p class=\"gb-text gb-text-f1ed197e\">Villa de Canto se reserva el derecho, a su exclusiva discreci\u00f3n, y sin necesidad de aviso o notificaci\u00f3n al usuario, para:<\/p>\n\n\n\n<ul style=\"color:#3b3123;font-size:1.13rem\" class=\"wp-block-list has-text-color has-link-color wp-elements-89de185160116804c4f5407a2bc1f345\">\n<li>a) Terminar definitivamente el presente convenio.<\/li>\n\n\n\n<li>b) Descontinuar o dejar de publicar definitivamente el sitio web <strong>Villadecanto.com<\/strong> sin responsabilidad alguna para Villa de Canto, sus afiliados o proveedores.<\/li>\n<\/ul>\n<\/div>\n\n\n\n<div class=\"gb-element-3cbd9006\">\n<p class=\"gb-text gb-text-1b6c855e\">5. <strong><strong><strong><strong><strong><strong>Aceptaci\u00f3n o rechazo del pedido. <\/strong><\/strong><\/strong><\/strong><\/strong><\/strong><\/p>\n\n\n\n<p class=\"gb-text gb-text-376f85dd\">Villa de Canto le enviar\u00e1 un e-mail aceptando su pedido de productos y confirm\u00e1ndose que los productos que ha solicitado le ser\u00e1n enviados (\u201cConfirmaci\u00f3n de Env\u00edo\u201d).<br><br>Villa de Canto podr\u00e1 rechazar, a su elecci\u00f3n exclusiva, la tramitaci\u00f3n del pedido, o no ser capaz de proceder con dicha tramitaci\u00f3n, en los siguientes casos, sin limitaci\u00f3n alguna:<\/p>\n\n\n\n<ul style=\"color:#3b3123;font-size:1.13rem\" class=\"wp-block-list has-text-color has-link-color wp-elements-ebbd8f49ad9c1fa753e69274e3e8cb36\">\n<li>Cuando el producto solicitado por Ud. haya dejado de fabricarse o no est\u00e9 disponible;<\/li>\n\n\n\n<li>Cuando la entidad comercializadora de su tarjeta de cr\u00e9dito o d\u00e9bito no autorice el pago del precio de compra;<\/li>\n<\/ul>\n<\/div>\n\n\n\n<div class=\"gb-element-82ead996\">\n<p class=\"gb-text gb-text-54d492e5\">6. <strong><strong><strong><strong><strong><strong>Formas de pago<\/strong><\/strong><\/strong><\/strong><\/strong><\/strong><\/p>\n\n\n\n<p class=\"gb-text gb-text-c2112c84\">Al solicitar el servicio ofrecido por Villa de Canto el usuario autoriza el cargo autom\u00e1tico a su cuenta de cr\u00e9dito, d\u00e9bito o Paypal una vez realizado el pedido anterior.<br><br>En caso de requerir factura, los datos para facturaci\u00f3n deber\u00e1n ser proporcionados por el usuario al correo electr\u00f3nico&nbsp; contacto@villadecanto.com para poder procesar sus datos.<br><br>Todas las transacciones con tarjeta ser\u00e1n procesadas a trav\u00e9s de <strong>(Incluir nombres de plataformas con las que contar\u00e1 para procesar pagos)<\/strong><\/p>\n<\/div>\n\n\n\n<div class=\"gb-element-b8d41cf4\">\n<p class=\"gb-text gb-text-3c1f5cbc\">7. <strong><strong><strong><strong><strong><strong><strong><strong>Pol\u00edtica de Cancelaci\u00f3n De Servicios<\/strong><\/strong><\/strong><\/strong><\/strong><\/strong><\/strong><\/strong><\/p>\n\n\n\n<p class=\"gb-text gb-text-61f978d1\">Los productos se entregan \u00abtal cual las descripciones de los productos que aparecen en la p\u00e1gina del producto. Villa de Canto no se hace responsable porque dichas descripciones no representan fielmente, parcialmente o en su totalidad.<br><br>Una vez que se realice la compra no hay devoluciones. Villa de Canto podr\u00e1 reembolsar al usuario el pago facturado a su tarjeta de cr\u00e9dito, d\u00e9bito o a su cuenta de PayPal, en caso requerido y&nbsp; en cuyo caso, proceder\u00e1 la cancelaci\u00f3n dentro de los 5 d\u00edas h\u00e1biles posteriores a la solicitud de cancelaci\u00f3n.<br><br>Para poder solicitar su cancelaci\u00f3n, el usuario declara y comprueba que no ha utilizado el servicio ya sea una descarga o uso de producto- Si se ha realizado la descarga, ignorando o haciendo caso omiso de instrucciones y recomendaciones Villa de Canto no est\u00e1 en obligaci\u00f3n de realizar ning\u00fan tipo de cancelaci\u00f3n o devoluci\u00f3n.<\/p>\n<\/div>\n\n\n\n<div class=\"gb-element-242e8d65\">\n<p class=\"gb-text gb-text-e14914fb\">8. <strong><strong><strong><strong><strong><strong><strong><strong>Publicidad<\/strong><\/strong><\/strong><\/strong><\/strong><\/strong><\/strong><\/strong><\/p>\n\n\n\n<p class=\"gb-text gb-text-f5629911\">Nos reservamos el derecho de modificar nuestra pol\u00edtica de privacidad en cualquier momento, por lo que le recomendamos que la revise peri\u00f3dicamente. Cualquier cambio significativo en nuestra pol\u00edtica de privacidad ser\u00e1 anunciado en nuestro sitio web.<\/p>\n<\/div>\n\n\n\n<div class=\"gb-element-d37435a0\">\n<p class=\"gb-text gb-text-d87d4baa\">9. <strong><strong><strong><strong><strong><strong><strong><strong><strong>Aceptaci\u00f3n y consentimiento<\/strong><\/strong><\/strong><\/strong><\/strong><\/strong><\/strong><\/strong><\/strong><\/p>\n\n\n\n<p class=\"gb-text gb-text-632fb174\">El usuario acepta que Villa de Canto muestre publicidad en el sitio <strong>Villadecanto.com<\/strong> &nbsp;Dicha publicidad podr\u00e1 estar orientada a anuncios, promociones y al contenido de los servicios proporcionados, en el entendido de que la manera, modo, contenido y alcance de dicha publicidad est\u00e1n sujetos a cambios sin previo aviso. El usuario reconoce y aceptas que el sitio <strong>Villadecanto.com<\/strong> podr\u00e1 incluir hiperv\u00ednculos a otros sitios, contenido o recursos de internet, en cuyo caso Villa de Canto no podr\u00e1 ejercer control alguno sobre el contenido o recursos que proporcionen tercero ajenos a Villa de Canto.<\/p>\n<\/div>\n<\/div>\n","protected":false},"excerpt":{"rendered":"<p>POL\u00cdTICA DE T\u00c9RMINOS Y CONDICIONES 1. Condiciones de uso Al ingresar y utilizar este portal de Internet, cuyo nombre de dominio es Villadecanto.com propiedad de Villa de Canto, el usuario est\u00e1 aceptando los T\u00e9rminos y condiciones de uso contenidos en este convenio y declara expresamente su aceptaci\u00f3n utilizando para tal efecto medios electr\u00f3nicos, en t\u00e9rminos &#8230; <a title=\"T\u00e9rminos y condiciones\" class=\"read-more\" href=\"https:\/\/villa.hostiw2.com\/wp\/terminos-y-condiciones\/\" aria-label=\"Leer m\u00e1s sobre T\u00e9rminos y condiciones\">Leer m\u00e1s<\/a><\/p>\n","protected":false},"author":1,"featured_media":0,"parent":0,"menu_order":0,"comment_status":"closed","ping_status":"closed","template":"","meta":{"footnotes":""},"class_list":["post-5142","page","type-page","status-publish"],"_links":{"self":[{"href":"https:\/\/villa.hostiw2.com\/wp\/wp-json\/wp\/v2\/pages\/5142","targetHints":{"allow":["GET"]}}],"collection":[{"href":"https:\/\/villa.hostiw2.com\/wp\/wp-json\/wp\/v2\/pages"}],"about":[{"href":"https:\/\/villa.hostiw2.com\/wp\/wp-json\/wp\/v2\/types\/page"}],"author":[{"embeddable":true,"href":"https:\/\/villa.hostiw2.com\/wp\/wp-json\/wp\/v2\/users\/1"}],"replies":[{"embeddable":true,"href":"https:\/\/villa.hostiw2.com\/wp\/wp-json\/wp\/v2\/comments?post=5142"}],"version-history":[{"count":14,"href":"https:\/\/villa.hostiw2.com\/wp\/wp-json\/wp\/v2\/pages\/5142\/revisions"}],"predecessor-version":[{"id":5171,"href":"https:\/\/villa.hostiw2.com\/wp\/wp-json\/wp\/v2\/pages\/5142\/revisions\/5171"}],"wp:attachment":[{"href":"https:\/\/villa.hostiw2.com\/wp\/wp-json\/wp\/v2\/media?parent=5142"}],"curies":[{"name":"wp","href":"https:\/\/api.w.org\/{rel}","templated":true}]}}